{"id":128,"date":"2025-07-22T10:17:50","date_gmt":"2025-07-22T03:17:50","guid":{"rendered":"https:\/\/oma.builderfly.net\/?page_id=128"},"modified":"2025-08-22T17:37:26","modified_gmt":"2025-08-22T10:37:26","slug":"gioi-thieu","status":"publish","type":"page","link":"https:\/\/oma.builderfly.net\/en\/gioi-thieu\/","title":{"rendered":"About us"},"content":{"rendered":"<div data-elementor-type=\"wp-page\" data-elementor-id=\"128\" class=\"elementor elementor-128\" data-elementor-post-type=\"page\">\n\t\t\t\t<div class=\"elementor-element elementor-element-ed476f7 e-flex e-con-boxed e-con e-parent\" data-id=\"ed476f7\" data-element_type=\"container\" data-settings=\"{&quot;background_background&quot;:&quot;classic&quot;}\">\n\t\t\t\t\t<div class=\"e-con-inner\">\n\t\t\t\t<div class=\"elementor-element elementor-element-d33bd77 elementor-widget elementor-widget-heading\" data-id=\"d33bd77\" data-element_type=\"widget\" data-widget_type=\"heading.default\">\n\t\t\t\t<div class=\"elementor-widget-container\">\n\t\t\t\t\t<h1 class=\"elementor-heading-title elementor-size-default\">Oma The Spa<\/h1>\t\t\t\t<\/div>\n\t\t\t\t<\/div>\n\t\t\t\t\t<\/div>\n\t\t\t\t<\/div>\n\t\t<div class=\"elementor-element elementor-element-b5c0dbb e-flex e-con-boxed e-con e-parent\" data-id=\"b5c0dbb\" data-element_type=\"container\">\n\t\t\t\t\t<div class=\"e-con-inner\">\n\t\t\t\t<div class=\"elementor-element elementor-element-1d5f48e elementor-widget elementor-widget-text-editor\" data-id=\"1d5f48e\" data-element_type=\"widget\" data-widget_type=\"text-editor.default\">\n\t\t\t\t<div class=\"elementor-widget-container\">\n\t\t\t\t\t\t\t\t\t<p>Ngay gi\u1eefa l\u00f2ng Ph\u1ed1 C\u1ed5 H\u00e0 N\u1ed9i, n\u01a1i \u0111\u01b0\u1ee3c bao quanh b\u1edfi l\u1ecbch s\u1eed v\u00e0 v\u1ebb \u0111\u1eb9p quy\u1ebfn r\u0169, t\u1ecda l\u1ea1c <strong>Oma The Spa<\/strong> \u2013 m\u1ed9t \u1ed1c \u0111\u1ea3o t\u00e1i t\u1ea1o v\u00e0 ph\u1ee5c h\u1ed3i. T\u1ea1i \u0111\u00e2y, ph\u01b0\u01a1ng \u0110\u00f4ng giao h\u00f2a c\u00f9ng ph\u01b0\u01a1ng T\u00e2y, nh\u1eefng tri\u1ebft l\u00fd c\u1ed5 x\u01b0a g\u1eb7p g\u1ee1 c\u00e1c k\u1ef9 thu\u1eadt hi\u1ec7n \u0111\u1ea1i \u0111\u1ec3 t\u1ea1o n\u00ean m\u1ed9t tr\u1ea3i nghi\u1ec7m tr\u1ecb li\u1ec7u \u0111\u1ed9c \u0111\u00e1o kh\u00f4ng g\u00ec s\u00e1nh \u0111\u01b0\u1ee3c.<\/p><p>Ch\u1ed1n b\u00ecnh y\u00ean n\u00e0y k\u1ebft h\u1ee3p nh\u1eefng li\u1ec7u ph\u00e1p ti\u00ean ti\u1ebfn to\u00e0n c\u1ea7u v\u1edbi truy\u1ec1n th\u1ed1ng tr\u1ecb li\u1ec7u to\u00e0n di\u1ec7n c\u1ee7a khu v\u1ef1c, khai th\u00e1c tinh hoa thi\u00ean nhi\u00ean b\u1ea3n \u0111\u1ecba \u0111\u1ec3 kh\u00f4i ph\u1ee5c s\u1ef1 c\u00e2n b\u1eb1ng v\u00e0 mang \u0111\u1ebfn c\u01a1 h\u1ed9i tuy\u1ec7t v\u1eddi cho s\u1ef1 th\u01b0 gi\u00e3n s\u00e2u v\u00e0 h\u1ed3i ph\u1ee5c tr\u1ecdn v\u1eb9n.<\/p><p>\u0110\u1ec3 c\u00f3 m\u1ed9t tr\u1ea3i nghi\u1ec7m l\u00e3ng m\u1ea1n kh\u00f3 qu\u00ean, Oma The Spa s\u1edf h\u1eefu ph\u00f2ng tr\u1ecb li\u1ec7u sang tr\u1ecdng d\u00e0nh ri\u00eang cho c\u00e1c c\u1eb7p \u0111\u00f4i, n\u01a1i \u0111\u00f4i l\u1ee9a c\u00f3 th\u1ec3 t\u1eadn h\u01b0\u1edfng tr\u1ecdn v\u1eb9n kho\u1ea3nh kh\u1eafc b\u00ean nhau gi\u1eefa kh\u00f4ng gian t\u0129nh l\u1eb7ng v\u00e0 an y\u00ean. OMA \u2013 The SPA. Traditional.<\/p>\t\t\t\t\t\t\t\t<\/div>\n\t\t\t\t<\/div>\n\t\t\t\t<div class=\"elementor-element elementor-element-3b12d43 elementor-pagination-position-inside photo-gallery-1 elementor-arrows-position-inside elementor-widget elementor-widget-image-carousel\" data-id=\"3b12d43\" data-element_type=\"widget\" data-settings=\"{&quot;slides_to_show&quot;:&quot;3&quot;,&quot;slides_to_show_tablet&quot;:&quot;2&quot;,&quot;slides_to_show_mobile&quot;:&quot;1&quot;,&quot;navigation&quot;:&quot;both&quot;,&quot;autoplay&quot;:&quot;yes&quot;,&quot;pause_on_hover&quot;:&quot;yes&quot;,&quot;pause_on_interaction&quot;:&quot;yes&quot;,&quot;autoplay_speed&quot;:5000,&quot;infinite&quot;:&quot;yes&quot;,&quot;speed&quot;:500,&quot;image_spacing_custom&quot;:{&quot;unit&quot;:&quot;px&quot;,&quot;size&quot;:20,&quot;sizes&quot;:[]},&quot;image_spacing_custom_tablet&quot;:{&quot;unit&quot;:&quot;px&quot;,&quot;size&quot;:&quot;&quot;,&quot;sizes&quot;:[]}}\" data-widget_type=\"image-carousel.default\">\n\t\t\t\t<div class=\"elementor-widget-container\">\n\t\t\t\t\t\t\t<div class=\"elementor-image-carousel-wrapper swiper\" role=\"region\" aria-roledescription=\"carousel\" aria-label=\"B\u0103ng chuy\u1ec1n h\u00ecnh \u1ea3nh\" dir=\"ltr\">\n\t\t\t<div class=\"elementor-image-carousel swiper-wrapper\" aria-live=\"off\">\n\t\t\t\t\t\t\t\t<div class=\"swiper-slide\" role=\"group\" aria-roledescription=\"slide\" aria-label=\"1 tr\u00ean 12\"><a data-elementor-open-lightbox=\"yes\" data-elementor-lightbox-slideshow=\"3b12d43\" data-elementor-lightbox-title=\"Oma The Spa\" data-e-action-hash=\"#elementor-action%3Aaction%3Dlightbox%26settings%3DeyJpZCI6NDY4LCJ1cmwiOiJodHRwczpcL1wvb21hLmJ1aWxkZXJmbHkubmV0XC93cC1jb250ZW50XC91cGxvYWRzXC8yMDI1XC8wN1wvb21hLTEyLndlYnAiLCJzbGlkZXNob3ciOiIzYjEyZDQzIn0%3D\" href=\"https:\/\/oma.builderfly.net\/wp-content\/uploads\/2025\/07\/oma-12.webp\"><figure class=\"swiper-slide-inner\"><img decoding=\"async\" class=\"swiper-slide-image\" src=\"https:\/\/oma.builderfly.net\/wp-content\/uploads\/2025\/07\/oma-12-768x512.webp\" alt=\"Oma The Spa\" \/><\/figure><\/a><\/div><div class=\"swiper-slide\" role=\"group\" aria-roledescription=\"slide\" aria-label=\"2 tr\u00ean 12\"><a data-elementor-open-lightbox=\"yes\" data-elementor-lightbox-slideshow=\"3b12d43\" data-elementor-lightbox-title=\"Oma The Spa\" data-e-action-hash=\"#elementor-action%3Aaction%3Dlightbox%26settings%3DeyJpZCI6NDY5LCJ1cmwiOiJodHRwczpcL1wvb21hLmJ1aWxkZXJmbHkubmV0XC93cC1jb250ZW50XC91cGxvYWRzXC8yMDI1XC8wN1wvb21hLTExLndlYnAiLCJzbGlkZXNob3ciOiIzYjEyZDQzIn0%3D\" href=\"https:\/\/oma.builderfly.net\/wp-content\/uploads\/2025\/07\/oma-11.webp\"><figure class=\"swiper-slide-inner\"><img decoding=\"async\" class=\"swiper-slide-image\" src=\"https:\/\/oma.builderfly.net\/wp-content\/uploads\/2025\/07\/oma-11-768x512.webp\" alt=\"Oma The Spa\" \/><\/figure><\/a><\/div><div class=\"swiper-slide\" role=\"group\" aria-roledescription=\"slide\" aria-label=\"3 tr\u00ean 12\"><a data-elementor-open-lightbox=\"yes\" data-elementor-lightbox-slideshow=\"3b12d43\" data-elementor-lightbox-title=\"Oma The Spa\" data-e-action-hash=\"#elementor-action%3Aaction%3Dlightbox%26settings%3DeyJpZCI6NDcwLCJ1cmwiOiJodHRwczpcL1wvb21hLmJ1aWxkZXJmbHkubmV0XC93cC1jb250ZW50XC91cGxvYWRzXC8yMDI1XC8wN1wvb21hLTEwLndlYnAiLCJzbGlkZXNob3ciOiIzYjEyZDQzIn0%3D\" href=\"https:\/\/oma.builderfly.net\/wp-content\/uploads\/2025\/07\/oma-10.webp\"><figure class=\"swiper-slide-inner\"><img decoding=\"async\" class=\"swiper-slide-image\" src=\"https:\/\/oma.builderfly.net\/wp-content\/uploads\/2025\/07\/oma-10-768x512.webp\" alt=\"Oma The Spa\" \/><\/figure><\/a><\/div><div class=\"swiper-slide\" role=\"group\" aria-roledescription=\"slide\" aria-label=\"4 tr\u00ean 12\"><a data-elementor-open-lightbox=\"yes\" data-elementor-lightbox-slideshow=\"3b12d43\" data-elementor-lightbox-title=\"Oma The Spa\" data-e-action-hash=\"#elementor-action%3Aaction%3Dlightbox%26settings%3DeyJpZCI6NDcxLCJ1cmwiOiJodHRwczpcL1wvb21hLmJ1aWxkZXJmbHkubmV0XC93cC1jb250ZW50XC91cGxvYWRzXC8yMDI1XC8wN1wvb21hLTkud2VicCIsInNsaWRlc2hvdyI6IjNiMTJkNDMifQ%3D%3D\" href=\"https:\/\/oma.builderfly.net\/wp-content\/uploads\/2025\/07\/oma-9.webp\"><figure class=\"swiper-slide-inner\"><img decoding=\"async\" class=\"swiper-slide-image\" src=\"https:\/\/oma.builderfly.net\/wp-content\/uploads\/2025\/07\/oma-9-768x512.webp\" alt=\"Oma The Spa\" \/><\/figure><\/a><\/div><div class=\"swiper-slide\" role=\"group\" aria-roledescription=\"slide\" aria-label=\"5 tr\u00ean 12\"><a data-elementor-open-lightbox=\"yes\" data-elementor-lightbox-slideshow=\"3b12d43\" data-elementor-lightbox-title=\"Oma The Spa\" data-e-action-hash=\"#elementor-action%3Aaction%3Dlightbox%26settings%3DeyJpZCI6NDcyLCJ1cmwiOiJodHRwczpcL1wvb21hLmJ1aWxkZXJmbHkubmV0XC93cC1jb250ZW50XC91cGxvYWRzXC8yMDI1XC8wN1wvb21hLTgud2VicCIsInNsaWRlc2hvdyI6IjNiMTJkNDMifQ%3D%3D\" href=\"https:\/\/oma.builderfly.net\/wp-content\/uploads\/2025\/07\/oma-8.webp\"><figure class=\"swiper-slide-inner\"><img decoding=\"async\" class=\"swiper-slide-image\" src=\"https:\/\/oma.builderfly.net\/wp-content\/uploads\/2025\/07\/oma-8-768x512.webp\" alt=\"Oma The Spa\" \/><\/figure><\/a><\/div><div class=\"swiper-slide\" role=\"group\" aria-roledescription=\"slide\" aria-label=\"6 tr\u00ean 12\"><a data-elementor-open-lightbox=\"yes\" data-elementor-lightbox-slideshow=\"3b12d43\" data-elementor-lightbox-title=\"Oma The Spa\" data-e-action-hash=\"#elementor-action%3Aaction%3Dlightbox%26settings%3DeyJpZCI6NDczLCJ1cmwiOiJodHRwczpcL1wvb21hLmJ1aWxkZXJmbHkubmV0XC93cC1jb250ZW50XC91cGxvYWRzXC8yMDI1XC8wN1wvb21hLTcud2VicCIsInNsaWRlc2hvdyI6IjNiMTJkNDMifQ%3D%3D\" href=\"https:\/\/oma.builderfly.net\/wp-content\/uploads\/2025\/07\/oma-7.webp\"><figure class=\"swiper-slide-inner\"><img decoding=\"async\" class=\"swiper-slide-image\" src=\"https:\/\/oma.builderfly.net\/wp-content\/uploads\/2025\/07\/oma-7-768x512.webp\" alt=\"Oma The Spa\" \/><\/figure><\/a><\/div><div class=\"swiper-slide\" role=\"group\" aria-roledescription=\"slide\" aria-label=\"7 tr\u00ean 12\"><a data-elementor-open-lightbox=\"yes\" data-elementor-lightbox-slideshow=\"3b12d43\" data-elementor-lightbox-title=\"Oma The Spa\" data-e-action-hash=\"#elementor-action%3Aaction%3Dlightbox%26settings%3DeyJpZCI6NDc0LCJ1cmwiOiJodHRwczpcL1wvb21hLmJ1aWxkZXJmbHkubmV0XC93cC1jb250ZW50XC91cGxvYWRzXC8yMDI1XC8wN1wvb21hLTYud2VicCIsInNsaWRlc2hvdyI6IjNiMTJkNDMifQ%3D%3D\" href=\"https:\/\/oma.builderfly.net\/wp-content\/uploads\/2025\/07\/oma-6.webp\"><figure class=\"swiper-slide-inner\"><img decoding=\"async\" class=\"swiper-slide-image\" src=\"https:\/\/oma.builderfly.net\/wp-content\/uploads\/2025\/07\/oma-6-768x512.webp\" alt=\"Oma The Spa\" \/><\/figure><\/a><\/div><div class=\"swiper-slide\" role=\"group\" aria-roledescription=\"slide\" aria-label=\"8 tr\u00ean 12\"><a data-elementor-open-lightbox=\"yes\" data-elementor-lightbox-slideshow=\"3b12d43\" data-elementor-lightbox-title=\"Oma The Spa\" data-e-action-hash=\"#elementor-action%3Aaction%3Dlightbox%26settings%3DeyJpZCI6NDc1LCJ1cmwiOiJodHRwczpcL1wvb21hLmJ1aWxkZXJmbHkubmV0XC93cC1jb250ZW50XC91cGxvYWRzXC8yMDI1XC8wN1wvb21hLTUud2VicCIsInNsaWRlc2hvdyI6IjNiMTJkNDMifQ%3D%3D\" href=\"https:\/\/oma.builderfly.net\/wp-content\/uploads\/2025\/07\/oma-5.webp\"><figure class=\"swiper-slide-inner\"><img decoding=\"async\" class=\"swiper-slide-image\" src=\"https:\/\/oma.builderfly.net\/wp-content\/uploads\/2025\/07\/oma-5-768x512.webp\" alt=\"Oma The Spa\" \/><\/figure><\/a><\/div><div class=\"swiper-slide\" role=\"group\" aria-roledescription=\"slide\" aria-label=\"9 tr\u00ean 12\"><a data-elementor-open-lightbox=\"yes\" data-elementor-lightbox-slideshow=\"3b12d43\" data-elementor-lightbox-title=\"Oma The Spa\" data-e-action-hash=\"#elementor-action%3Aaction%3Dlightbox%26settings%3DeyJpZCI6NDc2LCJ1cmwiOiJodHRwczpcL1wvb21hLmJ1aWxkZXJmbHkubmV0XC93cC1jb250ZW50XC91cGxvYWRzXC8yMDI1XC8wN1wvb21hLTQud2VicCIsInNsaWRlc2hvdyI6IjNiMTJkNDMifQ%3D%3D\" href=\"https:\/\/oma.builderfly.net\/wp-content\/uploads\/2025\/07\/oma-4.webp\"><figure class=\"swiper-slide-inner\"><img decoding=\"async\" class=\"swiper-slide-image\" src=\"https:\/\/oma.builderfly.net\/wp-content\/uploads\/2025\/07\/oma-4-768x512.webp\" alt=\"Oma The Spa\" \/><\/figure><\/a><\/div><div class=\"swiper-slide\" role=\"group\" aria-roledescription=\"slide\" aria-label=\"10 tr\u00ean 12\"><a data-elementor-open-lightbox=\"yes\" data-elementor-lightbox-slideshow=\"3b12d43\" data-elementor-lightbox-title=\"Oma The Spa\" data-e-action-hash=\"#elementor-action%3Aaction%3Dlightbox%26settings%3DeyJpZCI6NDc3LCJ1cmwiOiJodHRwczpcL1wvb21hLmJ1aWxkZXJmbHkubmV0XC93cC1jb250ZW50XC91cGxvYWRzXC8yMDI1XC8wN1wvb21hLTMud2VicCIsInNsaWRlc2hvdyI6IjNiMTJkNDMifQ%3D%3D\" href=\"https:\/\/oma.builderfly.net\/wp-content\/uploads\/2025\/07\/oma-3.webp\"><figure class=\"swiper-slide-inner\"><img decoding=\"async\" class=\"swiper-slide-image\" src=\"https:\/\/oma.builderfly.net\/wp-content\/uploads\/2025\/07\/oma-3-768x512.webp\" alt=\"Oma The Spa\" \/><\/figure><\/a><\/div><div class=\"swiper-slide\" role=\"group\" aria-roledescription=\"slide\" aria-label=\"11 tr\u00ean 12\"><a data-elementor-open-lightbox=\"yes\" data-elementor-lightbox-slideshow=\"3b12d43\" data-elementor-lightbox-title=\"Oma The Spa\" data-e-action-hash=\"#elementor-action%3Aaction%3Dlightbox%26settings%3DeyJpZCI6NDc4LCJ1cmwiOiJodHRwczpcL1wvb21hLmJ1aWxkZXJmbHkubmV0XC93cC1jb250ZW50XC91cGxvYWRzXC8yMDI1XC8wN1wvb21hLTIud2VicCIsInNsaWRlc2hvdyI6IjNiMTJkNDMifQ%3D%3D\" href=\"https:\/\/oma.builderfly.net\/wp-content\/uploads\/2025\/07\/oma-2.webp\"><figure class=\"swiper-slide-inner\"><img decoding=\"async\" class=\"swiper-slide-image\" src=\"https:\/\/oma.builderfly.net\/wp-content\/uploads\/2025\/07\/oma-2-768x512.webp\" alt=\"Oma The Spa\" \/><\/figure><\/a><\/div><div class=\"swiper-slide\" role=\"group\" aria-roledescription=\"slide\" aria-label=\"12 tr\u00ean 12\"><a data-elementor-open-lightbox=\"yes\" data-elementor-lightbox-slideshow=\"3b12d43\" data-elementor-lightbox-title=\"Oma The Spa\" data-e-action-hash=\"#elementor-action%3Aaction%3Dlightbox%26settings%3DeyJpZCI6NDc5LCJ1cmwiOiJodHRwczpcL1wvb21hLmJ1aWxkZXJmbHkubmV0XC93cC1jb250ZW50XC91cGxvYWRzXC8yMDI1XC8wN1wvb21hLTEud2VicCIsInNsaWRlc2hvdyI6IjNiMTJkNDMifQ%3D%3D\" href=\"https:\/\/oma.builderfly.net\/wp-content\/uploads\/2025\/07\/oma-1.webp\"><figure class=\"swiper-slide-inner\"><img decoding=\"async\" class=\"swiper-slide-image\" src=\"https:\/\/oma.builderfly.net\/wp-content\/uploads\/2025\/07\/oma-1-768x512.webp\" alt=\"Oma The Spa\" \/><\/figure><\/a><\/div>\t\t\t<\/div>\n\t\t\t\t\t\t\t\t\t\t\t\t<div class=\"elementor-swiper-button elementor-swiper-button-prev\" role=\"button\" tabindex=\"0\">\n\t\t\t\t\t\t<svg aria-hidden=\"true\" class=\"e-font-icon-svg e-eicon-chevron-left\" viewbox=\"0 0 1000 1000\" xmlns=\"http:\/\/www.w3.org\/2000\/svg\"><path d=\"M646 125C629 125 613 133 604 142L308 442C296 454 292 471 292 487 292 504 296 521 308 533L604 854C617 867 629 875 646 875 663 875 679 871 692 858 704 846 713 829 713 812 713 796 708 779 692 767L438 487 692 225C700 217 708 204 708 187 708 171 704 154 692 142 675 129 663 125 646 125Z\"><\/path><\/svg>\t\t\t\t\t<\/div>\n\t\t\t\t\t<div class=\"elementor-swiper-button elementor-swiper-button-next\" role=\"button\" tabindex=\"0\">\n\t\t\t\t\t\t<svg aria-hidden=\"true\" class=\"e-font-icon-svg e-eicon-chevron-right\" viewbox=\"0 0 1000 1000\" xmlns=\"http:\/\/www.w3.org\/2000\/svg\"><path d=\"M696 533C708 521 713 504 713 487 713 471 708 454 696 446L400 146C388 133 375 125 354 125 338 125 325 129 313 142 300 154 292 171 292 187 292 204 296 221 308 233L563 492 304 771C292 783 288 800 288 817 288 833 296 850 308 863 321 871 338 875 354 875 371 875 388 867 400 854L696 533Z\"><\/path><\/svg>\t\t\t\t\t<\/div>\n\t\t\t\t\n\t\t\t\t\t\t\t\t\t<div class=\"swiper-pagination\"><\/div>\n\t\t\t\t\t\t\t\t\t<\/div>\n\t\t\t\t\t\t<\/div>\n\t\t\t\t<\/div>\n\t\t\t\t\t<\/div>\n\t\t\t\t<\/div>\n\t\t\t\t<\/div>","protected":false},"excerpt":{"rendered":"<p>Oma The Spa Ngay gi\u1eefa l\u00f2ng Ph\u1ed1 C\u1ed5 H\u00e0 N\u1ed9i, n\u01a1i \u0111\u01b0\u1ee3c bao quanh b\u1edfi l\u1ecbch s\u1eed v\u00e0 v\u1ebb \u0111\u1eb9p quy\u1ebfn r\u0169, t\u1ecda l\u1ea1c Oma The Spa \u2013 m\u1ed9t \u1ed1c \u0111\u1ea3o t\u00e1i t\u1ea1o v\u00e0 ph\u1ee5c h\u1ed3i. T\u1ea1i \u0111\u00e2y, ph\u01b0\u01a1ng \u0110\u00f4ng giao h\u00f2a c\u00f9ng ph\u01b0\u01a1ng T\u00e2y, nh\u1eefng tri\u1ebft l\u00fd c\u1ed5 x\u01b0a g\u1eb7p g\u1ee1 c\u00e1c k\u1ef9 thu\u1eadt [&hellip;]<\/p>","protected":false},"author":1,"featured_media":0,"parent":0,"menu_order":0,"comment_status":"closed","ping_status":"closed","template":"elementor_header_footer","meta":{"footnotes":""},"class_list":["post-128","page","type-page","status-publish","hentry"],"_links":{"self":[{"href":"https:\/\/oma.builderfly.net\/en\/wp-json\/wp\/v2\/pages\/128","targetHints":{"allow":["GET"]}}],"collection":[{"href":"https:\/\/oma.builderfly.net\/en\/wp-json\/wp\/v2\/pages"}],"about":[{"href":"https:\/\/oma.builderfly.net\/en\/wp-json\/wp\/v2\/types\/page"}],"author":[{"embeddable":true,"href":"https:\/\/oma.builderfly.net\/en\/wp-json\/wp\/v2\/users\/1"}],"replies":[{"embeddable":true,"href":"https:\/\/oma.builderfly.net\/en\/wp-json\/wp\/v2\/comments?post=128"}],"version-history":[{"count":0,"href":"https:\/\/oma.builderfly.net\/en\/wp-json\/wp\/v2\/pages\/128\/revisions"}],"wp:attachment":[{"href":"https:\/\/oma.builderfly.net\/en\/wp-json\/wp\/v2\/media?parent=128"}],"curies":[{"name":"wp","href":"https:\/\/api.w.org\/{rel}","templated":true}]}}